{"id":18,"date":"2013-09-24T14:20:23","date_gmt":"2013-09-24T14:20:23","guid":{"rendered":"https:\/\/inswiss.ch\/wordpress\/?page_id=18"},"modified":"2026-01-23T12:12:30","modified_gmt":"2026-01-23T12:12:30","slug":"bartimeo-peru","status":"publish","type":"page","link":"https:\/\/inswiss.ch\/wordpress\/?page_id=18","title":{"rendered":"Bartimeo Peru"},"content":{"rendered":"[vc_row type=&#8220;in_container&#8220; full_screen_row_position=&#8220;middle&#8220; column_margin=&#8220;default&#8220; column_direction=&#8220;default&#8220; column_direction_tablet=&#8220;default&#8220; column_direction_phone=&#8220;default&#8220; scene_position=&#8220;center&#8220; text_color=&#8220;dark&#8220; text_align=&#8220;left&#8220; row_border_radius=&#8220;none&#8220; row_border_radius_applies=&#8220;bg&#8220; overflow=&#8220;visible&#8220; overlay_strength=&#8220;0.3&#8243; gradient_direction=&#8220;left_to_right&#8220; shape_divider_position=&#8220;bottom&#8220; bg_image_animation=&#8220;none&#8220;][vc_column column_padding=&#8220;no-extra-padding&#8220; column_padding_tablet=&#8220;inherit&#8220; column_padding_phone=&#8220;inherit&#8220; column_padding_position=&#8220;all&#8220; column_element_direction_desktop=&#8220;default&#8220; column_element_spacing=&#8220;default&#8220; desktop_text_alignment=&#8220;default&#8220; tablet_text_alignment=&#8220;default&#8220; phone_text_alignment=&#8220;default&#8220; background_color_opacity=&#8220;1&#8243; background_hover_color_opacity=&#8220;1&#8243; column_backdrop_filter=&#8220;none&#8220; column_shadow=&#8220;none&#8220; column_border_radius=&#8220;none&#8220; column_link_target=&#8220;_self&#8220; column_position=&#8220;default&#8220; gradient_direction=&#8220;left_to_right&#8220; overlay_strength=&#8220;0.3&#8243; width=&#8220;1\/1&#8243; tablet_width_inherit=&#8220;default&#8220; animation_type=&#8220;default&#8220; bg_image_animation=&#8220;none&#8220; border_type=&#8220;simple&#8220; column_border_width=&#8220;none&#8220; column_border_style=&#8220;solid&#8220;][vc_column_text css=&#8220;&#8220; text_direction=&#8220;default&#8220;]\r\n<h3><strong>Tropfen der Ermutigung f\u00fcr Beeintr\u00e4chtigte<\/strong><\/h3>\r\n<div>\r\n<p><a href=\"https:\/\/inswiss.ch\/wordpress\/wp-content\/uploads\/2018\/11\/Header-Mainpage-Nov-18.jpg\"><img loading=\"lazy\" decoding=\"async\" class=\"aligncenter wp-image-111 size-large\" src=\"https:\/\/inswiss.ch\/wordpress\/wp-content\/uploads\/2018\/11\/Header-Mainpage-Nov-18-1024x147.jpg\" alt=\"\" width=\"1024\" height=\"147\" srcset=\"https:\/\/inswiss.ch\/wordpress\/wp-content\/uploads\/2018\/11\/Header-Mainpage-Nov-18-1024x147.jpg 1024w, https:\/\/inswiss.ch\/wordpress\/wp-content\/uploads\/2018\/11\/Header-Mainpage-Nov-18-300x43.jpg 300w, https:\/\/inswiss.ch\/wordpress\/wp-content\/uploads\/2018\/11\/Header-Mainpage-Nov-18-768x110.jpg 768w, https:\/\/inswiss.ch\/wordpress\/wp-content\/uploads\/2018\/11\/Header-Mainpage-Nov-18.jpg 1600w\" sizes=\"auto, (max-width: 1024px) 100vw, 1024px\" \/><\/a><\/p>\r\n<p>Luis C.\u00a0 ging 1996 als Student der ETH bei uns in unserm offenen Haus ein und aus, auch als &#8222;grosser Bruder&#8220; unserer Kinder. Seine Familie in Peru lud mich (Annelise) nach Trujillo ein, und mit einem knallroten Rollstuhl fing damals alles an.<\/p>\r\n<\/div>\r\n<p>Ungef\u00e4hr alle anderthalb Jahre besuchten wir als kleines Team Behinderte in Lima, Trujillo und vor allem Pucallpa. Wir kl\u00e4rten ihre Bed\u00fcrfnisse ab und machten Ihnen vor allem Mut mehr mit Gott zu rechnen. Oft war auch Doktor Nicky Leung, ein Zahnarzt aus Kanada dabei, der mittels portabler Klinik an Ort und Stelle den \u00c4rmsten Z\u00e4hne flickte und dabei das Evangelium auf kreative Art erkl\u00e4rte!<\/p>\r\n<p>In Trujillo unterst\u00fctzen wir seit vielen Jahren eine Rollstuhl Basketballmannschaft. Behinderte im Rollstuhl, die Basketball spielen, haben praktisch nie mehr Dekubitus-Probleme.<\/p>\r\n<p>Die gr\u00f6sste Herausforderung f\u00fcr uns ist aber Pucallpa, eine Dschungel Stadt mit dem Refugio de Esperanza. Victor Izqierdo (selbst an Polio erkrankt) hat hier, zusammen mit seiner k\u00fcrzlich verstorbenen Frau Anita, ein fantastisches Zentrum f\u00fcr Behinderte aufgebaut. Pucallpa in der Selva hatte eine schwere Polio Epidemie und deshalb eine \u00fcberdurchschnittlich hohe Anzahl Behinderte. Ihre Primarschule wie auch die Sekundarschule sind heute weit herum bekannt und haben auf die ganze Stadt eine positive Auswirkung.<\/p>\r\n<p>News\u00a0 zu unseren Aktivit\u00e4ten in Peru finden Sie hier: <a href=\"https:\/\/inswiss.ch\/wordpress\/wp-content\/uploads\/2025\/02\/RB-Feb25.pdf\">RB Feb 25<\/a><\/p>\r\n<p>&nbsp;<\/p>\r\n<p>\u00a0<\/p>\r\n[\/vc_column_text][\/vc_column][\/vc_row]","protected":false},"excerpt":{"rendered":"<p>[vc_row type=&#8220;in_container&#8220; full_screen_row_position=&#8220;middle&#8220; column_margin=&#8220;default&#8220; column_direction=&#8220;default&#8220; column_direction_tablet=&#8220;default&#8220; column_direction_phone=&#8220;default&#8220; scene_position=&#8220;center&#8220; text_color=&#8220;dark&#8220; text_align=&#8220;left&#8220; row_border_radius=&#8220;none&#8220; row_border_radius_applies=&#8220;bg&#8220; overflow=&#8220;visible&#8220; overlay_strength=&#8220;0.3&#8243; gradient_direction=&#8220;left_to_right&#8220; shape_divider_position=&#8220;bottom&#8220; bg_image_animation=&#8220;none&#8220;][vc_column column_padding=&#8220;no-extra-padding&#8220; column_padding_tablet=&#8220;inherit&#8220; column_padding_phone=&#8220;inherit&#8220; column_padding_position=&#8220;all&#8220; column_element_direction_desktop=&#8220;default&#8220; column_element_spacing=&#8220;default&#8220; desktop_text_alignment=&#8220;default&#8220; tablet_text_alignment=&#8220;default&#8220; phone_text_alignment=&#8220;default&#8220; background_color_opacity=&#8220;1&#8243; background_hover_color_opacity=&#8220;1&#8243; column_backdrop_filter=&#8220;none&#8220; column_shadow=&#8220;none&#8220;&#8230;<\/p>\n","protected":false},"author":1,"featured_media":0,"parent":0,"menu_order":0,"comment_status":"closed","ping_status":"closed","template":"","meta":{"footnotes":""},"class_list":["post-18","page","type-page","status-publish"],"jetpack_sharing_enabled":true,"_links":{"self":[{"href":"https:\/\/inswiss.ch\/wordpress\/index.php?rest_route=\/wp\/v2\/pages\/18","targetHints":{"allow":["GET"]}}],"collection":[{"href":"https:\/\/inswiss.ch\/wordpress\/index.php?rest_route=\/wp\/v2\/pages"}],"about":[{"href":"https:\/\/inswiss.ch\/wordpress\/index.php?rest_route=\/wp\/v2\/types\/page"}],"author":[{"embeddable":true,"href":"https:\/\/inswiss.ch\/wordpress\/index.php?rest_route=\/wp\/v2\/users\/1"}],"replies":[{"embeddable":true,"href":"https:\/\/inswiss.ch\/wordpress\/index.php?rest_route=%2Fwp%2Fv2%2Fcomments&post=18"}],"version-history":[{"count":22,"href":"https:\/\/inswiss.ch\/wordpress\/index.php?rest_route=\/wp\/v2\/pages\/18\/revisions"}],"predecessor-version":[{"id":308,"href":"https:\/\/inswiss.ch\/wordpress\/index.php?rest_route=\/wp\/v2\/pages\/18\/revisions\/308"}],"wp:attachment":[{"href":"https:\/\/inswiss.ch\/wordpress\/index.php?rest_route=%2Fwp%2Fv2%2Fmedia&parent=18"}],"curies":[{"name":"wp","href":"https:\/\/api.w.org\/{rel}","templated":true}]}}